{"id":717,"date":"2025-08-05T05:31:37","date_gmt":"2025-08-05T05:31:37","guid":{"rendered":"https:\/\/leanpowersolutions.com\/?page_id=717"},"modified":"2025-11-01T05:29:16","modified_gmt":"2025-11-01T05:29:16","slug":"face","status":"publish","type":"page","link":"https:\/\/leanpowersolutions.com\/tr\/face\/","title":{"rendered":"FACE"},"content":{"rendered":"<div data-elementor-type=\"wp-page\" data-elementor-id=\"717\" class=\"elementor elementor-717\" data-elementor-post-type=\"page\">\n\t\t\t\t\t\t<section class=\"elementor-section elementor-top-section elementor-element elementor-element-d1af6c1 elementor-section-boxed elementor-section-height-default elementor-section-height-default wpr-particle-no wpr-jarallax-no wpr-parallax-no wpr-sticky-section-no wpr-equal-height-no\" data-id=\"d1af6c1\" data-element_type=\"section\" data-e-type=\"section\" data-settings=\"{&quot;background_background&quot;:&quot;classic&quot;}\">\n\t\t\t\t\t\t\t<div class=\"elementor-background-overlay\"><\/div>\n\t\t\t\t\t\t\t<div class=\"elementor-container elementor-column-gap-default\">\n\t\t\t\t\t<div class=\"elementor-column elementor-col-100 elementor-top-column elementor-element elementor-element-7cd49fb\" data-id=\"7cd49fb\" data-element_type=\"column\" data-e-type=\"column\">\n\t\t\t<div class=\"elementor-widget-wrap elementor-element-populated\">\n\t\t\t\t\t\t<div class=\"elementor-element elementor-element-37a2ab3 elementor-widget elementor-widget-spacer\" data-id=\"37a2ab3\" data-element_type=\"widget\" data-e-type=\"widget\" data-widget_type=\"spacer.default\">\n\t\t\t\t\t\t\t<div class=\"elementor-spacer\">\n\t\t\t<div class=\"elementor-spacer-inner\"><\/div>\n\t\t<\/div>\n\t\t\t\t\t\t<\/div>\n\t\t\t\t<div class=\"elementor-element elementor-element-42eb4c1 elementor-invisible elementor-widget elementor-widget-heading\" data-id=\"42eb4c1\" data-element_type=\"widget\" data-e-type=\"widget\" data-settings=\"{&quot;_animation&quot;:&quot;fadeInDown&quot;}\" data-widget_type=\"heading.default\">\n\t\t\t\t\t<h2 class=\"elementor-heading-title elementor-size-default\">FACE<\/h2>\t\t\t\t<\/div>\n\t\t\t\t<div class=\"elementor-element elementor-element-a87ec3b elementor-icon-list--layout-inline elementor-align-center elementor-widget__width-auto elementor-list-item-link-full_width elementor-invisible elementor-widget elementor-widget-icon-list\" data-id=\"a87ec3b\" data-element_type=\"widget\" data-e-type=\"widget\" data-settings=\"{&quot;_animation&quot;:&quot;fadeInDown&quot;,&quot;_animation_delay&quot;:720}\" data-widget_type=\"icon-list.default\">\n\t\t\t\t\t\t\t<ul class=\"elementor-icon-list-items elementor-inline-items\">\n\t\t\t\t\t\t\t<li class=\"elementor-icon-list-item elementor-inline-item\">\n\t\t\t\t\t\t\t\t\t\t\t<a href=\"https:\/\/leanpowersolutions.com\/tr\/\">\n\n\t\t\t\t\t\t\t\t\t\t\t<span class=\"elementor-icon-list-text\">Ana Sayfa<\/span>\n\t\t\t\t\t\t\t\t\t\t\t<\/a>\n\t\t\t\t\t\t\t\t\t<\/li>\n\t\t\t\t\t\t\t\t<li class=\"elementor-icon-list-item elementor-inline-item\">\n\t\t\t\t\t\t\t\t\t\t\t<a href=\"#\">\n\n\t\t\t\t\t\t\t\t\t\t\t\t<span class=\"elementor-icon-list-icon\">\n\t\t\t\t\t\t\t<i aria-hidden=\"true\" class=\"mdi mdi-chevron-double-right\"><\/i>\t\t\t\t\t\t<\/span>\n\t\t\t\t\t\t\t\t\t\t<span class=\"elementor-icon-list-text\"><\/span>\n\t\t\t\t\t\t\t\t\t\t\t<\/a>\n\t\t\t\t\t\t\t\t\t<\/li>\n\t\t\t\t\t\t<\/ul>\n\t\t\t\t\t\t<\/div>\n\t\t\t\t\t<\/div>\n\t\t<\/div>\n\t\t\t\t\t<\/div>\n\t\t<\/section>\n\t\t\t\t<section class=\"elementor-section elementor-top-section elementor-element elementor-element-2f068afe elementor-section-boxed elementor-section-height-default elementor-section-height-default wpr-particle-no wpr-jarallax-no wpr-parallax-no wpr-sticky-section-no wpr-equal-height-no\" data-id=\"2f068afe\" data-element_type=\"section\" data-e-type=\"section\" data-settings=\"{&quot;background_background&quot;:&quot;classic&quot;}\">\n\t\t\t\t\t\t<div class=\"elementor-container elementor-column-gap-default\">\n\t\t\t\t\t<div class=\"elementor-column elementor-col-100 elementor-top-column elementor-element elementor-element-2f96e938\" data-id=\"2f96e938\" data-element_type=\"column\" data-e-type=\"column\">\n\t\t\t<div class=\"elementor-widget-wrap elementor-element-populated\">\n\t\t\t\t\t\t<div class=\"elementor-element elementor-element-367e8b8a elementor-widget-divider--view-line_text elementor-widget-divider--element-align-left elementor-invisible elementor-widget elementor-widget-divider\" data-id=\"367e8b8a\" data-element_type=\"widget\" data-e-type=\"widget\" data-settings=\"{&quot;_animation&quot;:&quot;fadeInRight&quot;}\" data-widget_type=\"divider.default\">\n\t\t\t\t\t\t\t<div class=\"elementor-divider\">\n\t\t\t<span class=\"elementor-divider-separator\">\n\t\t\t\t\t\t\t<span class=\"elementor-divider__text elementor-divider__element\">\n\t\t\t\tFIELD and CORONA EFFECTS\t\t\t\t<\/span>\n\t\t\t\t\t\t<\/span>\n\t\t<\/div>\n\t\t\t\t\t\t<\/div>\n\t\t\t\t<section class=\"elementor-section elementor-inner-section elementor-element elementor-element-d4c9123 elementor-section-boxed elementor-section-height-default elementor-section-height-default wpr-particle-no wpr-jarallax-no wpr-parallax-no wpr-sticky-section-no wpr-equal-height-no elementor-invisible\" data-id=\"d4c9123\" data-element_type=\"section\" data-e-type=\"section\" data-settings=\"{&quot;animation&quot;:&quot;fadeInUp&quot;}\">\n\t\t\t\t\t\t<div class=\"elementor-container elementor-column-gap-default\">\n\t\t\t\t\t<div class=\"elementor-column elementor-col-100 elementor-inner-column elementor-element elementor-element-1e9aeae\" data-id=\"1e9aeae\" data-element_type=\"column\" data-e-type=\"column\">\n\t\t\t<div class=\"elementor-widget-wrap elementor-element-populated\">\n\t\t\t\t\t\t<div class=\"elementor-element elementor-element-9cecf3a animated-slow elementor-invisible elementor-widget elementor-widget-image\" data-id=\"9cecf3a\" data-element_type=\"widget\" data-e-type=\"widget\" data-settings=\"{&quot;_animation&quot;:&quot;fadeInDown&quot;}\" data-widget_type=\"image.default\">\n\t\t\t\t\t\t\t\t\t\t\t\t\t\t\t<img fetchpriority=\"high\" decoding=\"async\" width=\"744\" height=\"433\" src=\"https:\/\/leanpowersolutions.com\/wp-content\/uploads\/2025\/11\/Group-8-1.jpg\" class=\"attachment-full size-full wp-image-1813\" alt=\"\" srcset=\"https:\/\/leanpowersolutions.com\/wp-content\/uploads\/2025\/11\/Group-8-1.jpg 744w, https:\/\/leanpowersolutions.com\/wp-content\/uploads\/2025\/11\/Group-8-1-300x175.jpg 300w, https:\/\/leanpowersolutions.com\/wp-content\/uploads\/2025\/11\/Group-8-1-18x10.jpg 18w\" sizes=\"(max-width: 744px) 100vw, 744px\" \/>\t\t\t\t\t\t\t\t\t\t\t\t\t\t\t<\/div>\n\t\t\t\t<div class=\"elementor-element elementor-element-53fe053 elementor-widget elementor-widget-text-editor\" data-id=\"53fe053\" data-element_type=\"widget\" data-e-type=\"widget\" data-widget_type=\"text-editor.default\">\n\t\t\t\t\t\t\t\t\t<div class=\"\" data-v-3e94b2df=\"\"><div class=\"\" data-v-0ed4c1ad=\"\"><p class=\"\" data-v-0ed4c1ad=\"\">ACE, y\u00fcksek gerilim iletim hatlar\u0131n\u0131n alan ve corona etkilerini tahmin eden g\u00fc\u00e7l\u00fc bir uygulamad\u0131r. Sezgisel ve kullan\u0131m\u0131 kolay grafik kullan\u0131c\u0131 aray\u00fcz\u00fc (GUI), kullan\u0131c\u0131lar\u0131n iletim hatt\u0131 konfig\u00fcrasyonlar\u0131 olu\u015fturmas\u0131na, verilerini girmesine ve farkl\u0131 \u00e7al\u0131\u015fmalar\u0131n sonu\u00e7lar\u0131n\u0131 g\u00f6rmesine olanak tan\u0131r.<\/p><\/div><div class=\"\" data-v-0ed4c1ad=\"\"><p class=\"\" data-v-0ed4c1ad=\"\">Kullan\u0131c\u0131lar\u0131n iletim hatlar\u0131n\u0131 tasarlarken veya y\u00fckseltirken karma\u015f\u0131k \u00e7evresel testleri kolayca ger\u00e7ekle\u015ftirmesine olanak tan\u0131yan FACE, zaman ve maliyetten tasarruf sa\u011flar, insan hatas\u0131n\u0131 ortadan kald\u0131r\u0131r ve kurulumu i\u00e7in minimum uzmanl\u0131k gerektirir.<\/p><\/div><\/div>\t\t\t\t\t\t\t\t<\/div>\n\t\t\t\t\t<\/div>\n\t\t<\/div>\n\t\t\t\t\t<\/div>\n\t\t<\/section>\n\t\t\t\t<section class=\"elementor-section elementor-inner-section elementor-element elementor-element-6b9c5932 elementor-section-boxed elementor-section-height-default elementor-section-height-default wpr-particle-no wpr-jarallax-no wpr-parallax-no wpr-sticky-section-no wpr-equal-height-no elementor-invisible\" data-id=\"6b9c5932\" data-element_type=\"section\" data-e-type=\"section\" data-settings=\"{&quot;animation&quot;:&quot;fadeInUp&quot;}\">\n\t\t\t\t\t\t<div class=\"elementor-container elementor-column-gap-default\">\n\t\t\t\t\t<div class=\"elementor-column elementor-col-50 elementor-inner-column elementor-element elementor-element-509d463 elementor-invisible\" data-id=\"509d463\" data-element_type=\"column\" data-e-type=\"column\" data-settings=\"{&quot;background_background&quot;:&quot;classic&quot;,&quot;animation&quot;:&quot;fadeInUp&quot;}\">\n\t\t\t<div class=\"elementor-widget-wrap elementor-element-populated\">\n\t\t\t\t\t\t<div class=\"elementor-element elementor-element-0466f3b elementor-widget elementor-widget-text-editor\" data-id=\"0466f3b\" data-element_type=\"widget\" data-e-type=\"widget\" data-widget_type=\"text-editor.default\">\n\t\t\t\t\t\t\t\t\t<div class=\"\" data-v-3e94b2df=\"\"><p class=\"\" data-v-3e94b2df=\"\">FACE, enerji \u015firketlerinin, dan\u0131\u015fmanlar\u0131n ve ara\u015ft\u0131rmac\u0131lar\u0131n iletim hatlar\u0131n\u0131n duyulabilir ve elektromanyetik \u00e7evresel etkilerini de\u011ferlendirmesine olanak tan\u0131r. FACE, y\u00fcksek gerilimli AC, DC veya AC\/DC hibrit iletim hatlar\u0131n\u0131n toplam corona ve alan etkilerini hesaplamak i\u00e7in end\u00fcstri standard\u0131 teknikler ve form\u00fcller kullan\u0131r, bunlar aras\u0131nda:<\/p><\/div>\t\t\t\t\t\t\t\t<\/div>\n\t\t\t\t<div class=\"elementor-element elementor-element-867c196 elementor-widget elementor-widget-text-editor\" data-id=\"867c196\" data-element_type=\"widget\" data-e-type=\"widget\" data-widget_type=\"text-editor.default\">\n\t\t\t\t\t\t\t\t\t<div class=\"\" data-v-9dc4d982=\"\"><ul><li>Audible Noise (AN)<\/li><li>Corona Loss (CL)<\/li><li>Radio Interference (RI)<\/li><li>Electric and Magnetic Fields (EMF)<\/li><li>Ionized Fields, Ion Charges, and Ion Currents<\/li><\/ul><\/div>\t\t\t\t\t\t\t\t<\/div>\n\t\t\t\t<div class=\"elementor-element elementor-element-573a890 elementor-widget elementor-widget-text-editor\" data-id=\"573a890\" data-element_type=\"widget\" data-e-type=\"widget\" data-widget_type=\"text-editor.default\">\n\t\t\t\t\t\t\t\t\t<div class=\"\" data-v-3e94b2df=\"\"><p class=\"\" data-v-3e94b2df=\"\">FACE, duyulabilir g\u00fcr\u00fclt\u00fcleri ve corona kay\u0131plar\u0131n\u0131 end\u00fcstri standartlar\u0131 taraf\u0131ndan geli\u015ftirilen ampirik form\u00fcllerle hesaplar. Yar\u0131-analitik y\u00f6ntem kullan\u0131larak radyo parazitlerini hesaplar; literat\u00fcrde bulunan \u00fcretim fonksiyonlar\u0131 kullan\u0131c\u0131 taraf\u0131ndan se\u00e7ilebilir bir parametre olarak uygulanm\u0131\u015ft\u0131r. \u0130letim hatt\u0131 geometrilerinin etkilerini titizlikle incelemek i\u00e7in frekans domeni model analizi tekni\u011fi kullan\u0131l\u0131r. \u00dccretsiz y\u00fck alanlar\u0131 ard\u0131\u015f\u0131k g\u00f6r\u00fcnt\u00fc y\u00f6ntemleriyle hesaplan\u0131r. DC ve AC\/DC hibrit durumlar i\u00e7in toprak d\u00fczeyi ve \u00fczerindeki iyonize alanlar, do\u011frusal olmayan iki nokta ba\u015flang\u0131\u00e7 de\u011fer problemleri i\u00e7in geli\u015ftirilen bir algoritma uygulanarak hesaplan\u0131r.<\/p><\/div>\t\t\t\t\t\t\t\t<\/div>\n\t\t\t\t<div class=\"elementor-element elementor-element-bb69bf6 elementor-invisible elementor-widget elementor-widget-image\" data-id=\"bb69bf6\" data-element_type=\"widget\" data-e-type=\"widget\" data-settings=\"{&quot;_animation&quot;:&quot;fadeInUp&quot;}\" data-widget_type=\"image.default\">\n\t\t\t\t\t\t\t\t\t\t\t\t\t\t\t<img decoding=\"async\" width=\"1600\" height=\"622\" src=\"https:\/\/leanpowersolutions.com\/wp-content\/uploads\/2025\/08\/23a.jpg\" class=\"attachment-full size-full wp-image-748\" alt=\"\" srcset=\"https:\/\/leanpowersolutions.com\/wp-content\/uploads\/2025\/08\/23a.jpg 1600w, https:\/\/leanpowersolutions.com\/wp-content\/uploads\/2025\/08\/23a-300x117.jpg 300w, https:\/\/leanpowersolutions.com\/wp-content\/uploads\/2025\/08\/23a-1024x398.jpg 1024w, https:\/\/leanpowersolutions.com\/wp-content\/uploads\/2025\/08\/23a-768x299.jpg 768w, https:\/\/leanpowersolutions.com\/wp-content\/uploads\/2025\/08\/23a-1536x597.jpg 1536w\" sizes=\"(max-width: 1600px) 100vw, 1600px\" \/>\t\t\t\t\t\t\t\t\t\t\t\t\t\t\t<\/div>\n\t\t\t\t\t<\/div>\n\t\t<\/div>\n\t\t\t\t<div class=\"elementor-column elementor-col-50 elementor-inner-column elementor-element elementor-element-7449691f elementor-invisible\" data-id=\"7449691f\" data-element_type=\"column\" data-e-type=\"column\" data-settings=\"{&quot;background_background&quot;:&quot;classic&quot;,&quot;animation&quot;:&quot;fadeInUp&quot;,&quot;animation_delay&quot;:300}\">\n\t\t\t<div class=\"elementor-widget-wrap elementor-element-populated\">\n\t\t\t\t\t\t<div class=\"elementor-element elementor-element-627c707 elementor-widget elementor-widget-elementskit-heading\" data-id=\"627c707\" data-element_type=\"widget\" data-e-type=\"widget\" data-widget_type=\"elementskit-heading.default\">\n\t\t\t\t\t<div class=\"ekit-wid-con\" ><div class=\"ekit-heading elementskit-section-title-wraper text_left   ekit_heading_tablet-   ekit_heading_mobile-\"><h2 class=\"ekit-heading--title elementskit-section-title\">Yaz\u0131l\u0131m \u00d6zellikleri:<\/h2><\/div><\/div>\t\t\t\t<\/div>\n\t\t\t\t<div class=\"elementor-element elementor-element-ab90e40 elementor-tablet-align-start elementor-icon-list--layout-traditional elementor-list-item-link-full_width elementor-widget elementor-widget-icon-list\" data-id=\"ab90e40\" data-element_type=\"widget\" data-e-type=\"widget\" data-widget_type=\"icon-list.default\">\n\t\t\t\t\t\t\t<ul class=\"elementor-icon-list-items\">\n\t\t\t\t\t\t\t<li class=\"elementor-icon-list-item\">\n\t\t\t\t\t\t\t\t\t\t\t<span class=\"elementor-icon-list-icon\">\n\t\t\t\t\t\t\t<i aria-hidden=\"true\" class=\"fas fa-check-circle\"><\/i>\t\t\t\t\t\t<\/span>\n\t\t\t\t\t\t\t\t\t\t<span class=\"elementor-icon-list-text\">Birden fazla iletim hatt\u0131 projesinin tan\u0131mlanmas\u0131<\/span>\n\t\t\t\t\t\t\t\t\t<\/li>\n\t\t\t\t\t\t\t\t<li class=\"elementor-icon-list-item\">\n\t\t\t\t\t\t\t\t\t\t\t<span class=\"elementor-icon-list-icon\">\n\t\t\t\t\t\t\t<i aria-hidden=\"true\" class=\"fas fa-check-circle\"><\/i>\t\t\t\t\t\t<\/span>\n\t\t\t\t\t\t\t\t\t\t<span class=\"elementor-icon-list-text\">Her proje i\u00e7in d\u00fczenlenebilir parametreler<\/span>\n\t\t\t\t\t\t\t\t\t<\/li>\n\t\t\t\t\t\t\t\t<li class=\"elementor-icon-list-item\">\n\t\t\t\t\t\t\t\t\t\t\t<span class=\"elementor-icon-list-icon\">\n\t\t\t\t\t\t\t<i aria-hidden=\"true\" class=\"fas fa-check-circle\"><\/i>\t\t\t\t\t\t<\/span>\n\t\t\t\t\t\t\t\t\t\t<span class=\"elementor-icon-list-text\">Birden fazla pencere, kullan\u0131c\u0131lar\u0131n \u015funlar\u0131 g\u00f6rmesini sa\u011flar:<\/span>\n\t\t\t\t\t\t\t\t\t<\/li>\n\t\t\t\t\t\t<\/ul>\n\t\t\t\t\t\t<\/div>\n\t\t\t\t<div class=\"elementor-element elementor-element-2f7cf2ab elementor-widget elementor-widget-text-editor\" data-id=\"2f7cf2ab\" data-element_type=\"widget\" data-e-type=\"widget\" data-widget_type=\"text-editor.default\">\n\t\t\t\t\t\t\t\t\t<ul><li>Demet ve toprak telinin yerle\u015fimini i\u00e7eren bir kesit g\u00f6r\u00fcn\u00fcm\u00fc<\/li><li>Alt iletken yerle\u015fimini i\u00e7eren bir kesit g\u00f6r\u00fcn\u00fcm\u00fc<\/li><li>Demetler ve bireysel alt iletkenler i\u00e7in veriler<\/li><li>Kod, sim\u00fclasyon sonu\u00e7lar\u0131 ve hata mesajlar\u0131<\/li><li>Farkl\u0131 \u00e7al\u0131\u015fmalar\u0131n sonu\u00e7lar\u0131<\/li><\/ul>\t\t\t\t\t\t\t\t<\/div>\n\t\t\t\t<div class=\"elementor-element elementor-element-9e0379d elementor-tablet-align-start elementor-icon-list--layout-traditional elementor-list-item-link-full_width elementor-widget elementor-widget-icon-list\" data-id=\"9e0379d\" data-element_type=\"widget\" data-e-type=\"widget\" data-widget_type=\"icon-list.default\">\n\t\t\t\t\t\t\t<ul class=\"elementor-icon-list-items\">\n\t\t\t\t\t\t\t<li class=\"elementor-icon-list-item\">\n\t\t\t\t\t\t\t\t\t\t\t<span class=\"elementor-icon-list-icon\">\n\t\t\t\t\t\t\t<i aria-hidden=\"true\" class=\"fas fa-check-circle\"><\/i>\t\t\t\t\t\t<\/span>\n\t\t\t\t\t\t\t\t\t\t<span class=\"elementor-icon-list-text\">Alan ve corona etkilerinin yatay profillerini kullan\u0131c\u0131 taraf\u0131ndan se\u00e7ilebilir \u015fekilde de\u011ferlendirir<\/span>\n\t\t\t\t\t\t\t\t\t<\/li>\n\t\t\t\t\t\t\t\t<li class=\"elementor-icon-list-item\">\n\t\t\t\t\t\t\t\t\t\t\t<span class=\"elementor-icon-list-icon\">\n\t\t\t\t\t\t\t<i aria-hidden=\"true\" class=\"fas fa-check-circle\"><\/i>\t\t\t\t\t\t<\/span>\n\t\t\t\t\t\t\t\t\t\t<span class=\"elementor-icon-list-text\">0 ila 20 mm\/saat aras\u0131nda de\u011fi\u015fen ya\u011f\u0131\u015f oranlar\u0131na kar\u015f\u0131 corona kayb\u0131n\u0131 hesaplar<\/span>\n\t\t\t\t\t\t\t\t\t<\/li>\n\t\t\t\t\t\t\t\t<li class=\"elementor-icon-list-item\">\n\t\t\t\t\t\t\t\t\t\t\t<span class=\"elementor-icon-list-icon\">\n\t\t\t\t\t\t\t<i aria-hidden=\"true\" class=\"fas fa-check-circle\"><\/i>\t\t\t\t\t\t<\/span>\n\t\t\t\t\t\t\t\t\t\t<span class=\"elementor-icon-list-text\">\u0130letken y\u00fczey gradyanlar\u0131n\u0131, y\u00fcksek dereceli ard\u0131\u015f\u0131k g\u00f6r\u00fcnt\u00fc y\u00f6ntemi kullanarak hesaplar<\/span>\n\t\t\t\t\t\t\t\t\t<\/li>\n\t\t\t\t\t\t\t\t<li class=\"elementor-icon-list-item\">\n\t\t\t\t\t\t\t\t\t\t\t<span class=\"elementor-icon-list-icon\">\n\t\t\t\t\t\t\t<i aria-hidden=\"true\" class=\"fas fa-check-circle\"><\/i>\t\t\t\t\t\t<\/span>\n\t\t\t\t\t\t\t\t\t\t<span class=\"elementor-icon-list-text\">\u00d6l\u00e7\u00fcm y\u00fcksekli\u011fi ile \u00f6zelle\u015ftirilebilirlik sa\u011flar<\/span>\n\t\t\t\t\t\t\t\t\t<\/li>\n\t\t\t\t\t\t<\/ul>\n\t\t\t\t\t\t<\/div>\n\t\t\t\t<div class=\"elementor-element elementor-element-35825c5 elementor-widget elementor-widget-text-editor\" data-id=\"35825c5\" data-element_type=\"widget\" data-e-type=\"widget\" data-widget_type=\"text-editor.default\">\n\t\t\t\t\t\t\t\t\t<div class=\"\" data-v-3e94b2df=\"\"><div class=\"\" data-v-3e94b2df=\"\"><p class=\"\" data-v-3e94b2df=\"\">Yukar\u0131da desteklenen t\u00fcrlerden herhangi birinden al\u0131nan ve y\u00fcklenen veri setleri, COMTRADE veya Virg\u00fclle Ayr\u0131lm\u0131\u015f De\u011fi\u015fken (*.csv) format\u0131nda d\u00f6n\u00fc\u015ft\u00fcr\u00fcl\u00fcp kaydedilebilir<\/p><\/div><\/div>\t\t\t\t\t\t\t\t<\/div>\n\t\t\t\t\t<\/div>\n\t\t<\/div>\n\t\t\t\t\t<\/div>\n\t\t<\/section>\n\t\t\t\t<section class=\"elementor-section elementor-inner-section elementor-element elementor-element-63ed8f3 elementor-section-boxed elementor-section-height-default elementor-section-height-default wpr-particle-no wpr-jarallax-no wpr-parallax-no wpr-sticky-section-no wpr-equal-height-no elementor-invisible\" data-id=\"63ed8f3\" data-element_type=\"section\" data-e-type=\"section\" data-settings=\"{&quot;animation&quot;:&quot;fadeInUp&quot;}\">\n\t\t\t\t\t\t<div class=\"elementor-container elementor-column-gap-default\">\n\t\t\t\t\t<div class=\"elementor-column elementor-col-100 elementor-inner-column elementor-element elementor-element-11bf700 elementor-invisible\" data-id=\"11bf700\" data-element_type=\"column\" data-e-type=\"column\" data-settings=\"{&quot;background_background&quot;:&quot;classic&quot;,&quot;animation&quot;:&quot;fadeInUp&quot;}\">\n\t\t\t<div class=\"elementor-widget-wrap elementor-element-populated\">\n\t\t\t\t\t\t<div class=\"elementor-element elementor-element-2b90368 animated-slow elementor-invisible elementor-widget elementor-widget-image\" data-id=\"2b90368\" data-element_type=\"widget\" data-e-type=\"widget\" data-settings=\"{&quot;_animation&quot;:&quot;fadeInDown&quot;}\" data-widget_type=\"image.default\">\n\t\t\t\t\t\t\t\t\t\t\t\t\t\t\t<img decoding=\"async\" width=\"743\" height=\"548\" src=\"https:\/\/leanpowersolutions.com\/wp-content\/uploads\/2025\/08\/22a.jpg\" class=\"attachment-full size-full wp-image-740\" alt=\"\" srcset=\"https:\/\/leanpowersolutions.com\/wp-content\/uploads\/2025\/08\/22a.jpg 743w, https:\/\/leanpowersolutions.com\/wp-content\/uploads\/2025\/08\/22a-300x221.jpg 300w\" sizes=\"(max-width: 743px) 100vw, 743px\" \/>\t\t\t\t\t\t\t\t\t\t\t\t\t\t\t<\/div>\n\t\t\t\t<div class=\"elementor-element elementor-element-d2303c4 elementor-widget elementor-widget-text-editor\" data-id=\"d2303c4\" data-element_type=\"widget\" data-e-type=\"widget\" data-widget_type=\"text-editor.default\">\n\t\t\t\t\t\t\t\t\t<div class=\"\" data-v-3e94b2df=\"\">\n<div class=\"\" data-v-3e94b2df=\"\">\n<p class=\"\" data-v-3e94b2df=\"\">FACE\u2019i belirli uygulamalarda kullan\u0131m\u0131, yetenekleri veya genel sat\u0131\u015f sorular\u0131n\u0131z hakk\u0131nda daha fazla bilgi almak isterseniz bizimle ileti\u015fime ge\u00e7in.<\/p>\n<\/div>\n<\/div>\t\t\t\t\t\t\t\t<\/div>\n\t\t\t\t\t<\/div>\n\t\t<\/div>\n\t\t\t\t\t<\/div>\n\t\t<\/section>\n\t\t\t\t\t<\/div>\n\t\t<\/div>\n\t\t\t\t\t<\/div>\n\t\t<\/section>\n\t\t\t\t<\/div>","protected":false},"excerpt":{"rendered":"<p>FACE Home FIELD and CORONA EFFECTS FACE is a powerful application that predicts the field and corona effects of high voltage transmission lines. The intuitive and easy to use graphical user interface (GUI) allows users to create transmission line configurations, enter their data, and see the results of the different studies. Allowing users to easily perform complex environmental tests while designing or upgrading transmission lines, FACE saves time and money, eliminates human error, and requires minimal expertise to set up. FACE allows utilities, consultants, and researchers to assess audible and electromagnetic environmental effects of transmission lines. FACE uses industry-standard techniques and formulas for calculating the overall corona and field effects of high voltage AC, DC, or AC\/DC hybrid transmission lines including: Audible Noise (AN) Corona Loss (CL) Radio Interference (RI) Electric and Magnetic Fields (EMF) Ionized Fields, Ion Charges, and Ion Currents FACE calculates the audible noises and corona losses using empirical formulas developed by industry standards. It computes radio interferences with the semi-analytical method, where generating functions available in literature have been implemented as a user-selectable parameter. A frequency domain model analysis technique is utilized to rigorously examine the effects of transmission line geometrics. The charge-free fields are calculated by the methods of successive images. Ionized fields at and above ground plane for DC, as well as AC\/DC hybrid cases, are computed by implementing an algorithm for non-linear twopoint initial value problems. Software Features : Definition of multiple transmission line projects Editable parameters for every project Multiple windows allow users to view : A cross-section that includes bundle and ground wire placement A cross-section that includes subconductor placement Data for bundles and individual subconductors Code, simulation results, and error messages Results of the different studies Evaluates the lateral profiles of the field and corona effects in a user-selectable manner Calculates corona loss versus rain rates ranging from 0 to 20 mm\/hr Calculates conductor surface gradients using higher-order successive image method Allows customizability with measuring height Datasets sourced and loaded from any of the supported types above can be converted and saved as either COMTRADE or Comma Separated Variable (*.csv) format Contact us if you would like more information about using FACE for specific applications, its capabilities, or if you have general sales inquiries.<\/p>","protected":false},"author":1,"featured_media":0,"parent":0,"menu_order":0,"comment_status":"closed","ping_status":"closed","template":"","meta":{"footnotes":"","_links_to":"","_links_to_target":""},"class_list":["post-717","page","type-page","status-publish","hentry"],"_links":{"self":[{"href":"https:\/\/leanpowersolutions.com\/tr\/wp-json\/wp\/v2\/pages\/717","targetHints":{"allow":["GET"]}}],"collection":[{"href":"https:\/\/leanpowersolutions.com\/tr\/wp-json\/wp\/v2\/pages"}],"about":[{"href":"https:\/\/leanpowersolutions.com\/tr\/wp-json\/wp\/v2\/types\/page"}],"author":[{"embeddable":true,"href":"https:\/\/leanpowersolutions.com\/tr\/wp-json\/wp\/v2\/users\/1"}],"replies":[{"embeddable":true,"href":"https:\/\/leanpowersolutions.com\/tr\/wp-json\/wp\/v2\/comments?post=717"}],"version-history":[{"count":49,"href":"https:\/\/leanpowersolutions.com\/tr\/wp-json\/wp\/v2\/pages\/717\/revisions"}],"predecessor-version":[{"id":1816,"href":"https:\/\/leanpowersolutions.com\/tr\/wp-json\/wp\/v2\/pages\/717\/revisions\/1816"}],"wp:attachment":[{"href":"https:\/\/leanpowersolutions.com\/tr\/wp-json\/wp\/v2\/media?parent=717"}],"curies":[{"name":"wp","href":"https:\/\/api.w.org\/{rel}","templated":true}]}}