{"id":660,"date":"2025-08-05T04:38:05","date_gmt":"2025-08-05T04:38:05","guid":{"rendered":"https:\/\/leanpowersolutions.com\/?page_id=660"},"modified":"2025-11-01T05:26:47","modified_gmt":"2025-11-01T05:26:47","slug":"enerplot","status":"publish","type":"page","link":"https:\/\/leanpowersolutions.com\/tr\/enerplot\/","title":{"rendered":"Enerplot"},"content":{"rendered":"<div data-elementor-type=\"wp-page\" data-elementor-id=\"660\" class=\"elementor elementor-660\" data-elementor-post-type=\"page\">\n\t\t\t\t\t\t<section class=\"elementor-section elementor-top-section elementor-element elementor-element-d1af6c1 elementor-section-boxed elementor-section-height-default elementor-section-height-default wpr-particle-no wpr-jarallax-no wpr-parallax-no wpr-sticky-section-no wpr-equal-height-no\" data-id=\"d1af6c1\" data-element_type=\"section\" data-e-type=\"section\" data-settings=\"{&quot;background_background&quot;:&quot;classic&quot;}\">\n\t\t\t\t\t\t\t<div class=\"elementor-background-overlay\"><\/div>\n\t\t\t\t\t\t\t<div class=\"elementor-container elementor-column-gap-default\">\n\t\t\t\t\t<div class=\"elementor-column elementor-col-100 elementor-top-column elementor-element elementor-element-7cd49fb\" data-id=\"7cd49fb\" data-element_type=\"column\" data-e-type=\"column\">\n\t\t\t<div class=\"elementor-widget-wrap elementor-element-populated\">\n\t\t\t\t\t\t<div class=\"elementor-element elementor-element-37a2ab3 elementor-widget elementor-widget-spacer\" data-id=\"37a2ab3\" data-element_type=\"widget\" data-e-type=\"widget\" data-widget_type=\"spacer.default\">\n\t\t\t\t\t\t\t<div class=\"elementor-spacer\">\n\t\t\t<div class=\"elementor-spacer-inner\"><\/div>\n\t\t<\/div>\n\t\t\t\t\t\t<\/div>\n\t\t\t\t<div class=\"elementor-element elementor-element-42eb4c1 elementor-invisible elementor-widget elementor-widget-heading\" data-id=\"42eb4c1\" data-element_type=\"widget\" data-e-type=\"widget\" data-settings=\"{&quot;_animation&quot;:&quot;fadeInDown&quot;}\" data-widget_type=\"heading.default\">\n\t\t\t\t\t<h2 class=\"elementor-heading-title elementor-size-default\">Enerplot<\/h2>\t\t\t\t<\/div>\n\t\t\t\t<div class=\"elementor-element elementor-element-a87ec3b elementor-icon-list--layout-inline elementor-align-center elementor-widget__width-auto elementor-list-item-link-full_width elementor-invisible elementor-widget elementor-widget-icon-list\" data-id=\"a87ec3b\" data-element_type=\"widget\" data-e-type=\"widget\" data-settings=\"{&quot;_animation&quot;:&quot;fadeInDown&quot;,&quot;_animation_delay&quot;:720}\" data-widget_type=\"icon-list.default\">\n\t\t\t\t\t\t\t<ul class=\"elementor-icon-list-items elementor-inline-items\">\n\t\t\t\t\t\t\t<li class=\"elementor-icon-list-item elementor-inline-item\">\n\t\t\t\t\t\t\t\t\t\t\t<a href=\"https:\/\/leanpowersolutions.com\/tr\/\">\n\n\t\t\t\t\t\t\t\t\t\t\t<span class=\"elementor-icon-list-text\">Ana Sayfa<\/span>\n\t\t\t\t\t\t\t\t\t\t\t<\/a>\n\t\t\t\t\t\t\t\t\t<\/li>\n\t\t\t\t\t\t\t\t<li class=\"elementor-icon-list-item elementor-inline-item\">\n\t\t\t\t\t\t\t\t\t\t\t<a href=\"#\">\n\n\t\t\t\t\t\t\t\t\t\t\t\t<span class=\"elementor-icon-list-icon\">\n\t\t\t\t\t\t\t<i aria-hidden=\"true\" class=\"mdi mdi-chevron-double-right\"><\/i>\t\t\t\t\t\t<\/span>\n\t\t\t\t\t\t\t\t\t\t<span class=\"elementor-icon-list-text\"><\/span>\n\t\t\t\t\t\t\t\t\t\t\t<\/a>\n\t\t\t\t\t\t\t\t\t<\/li>\n\t\t\t\t\t\t<\/ul>\n\t\t\t\t\t\t<\/div>\n\t\t\t\t\t<\/div>\n\t\t<\/div>\n\t\t\t\t\t<\/div>\n\t\t<\/section>\n\t\t\t\t<section class=\"elementor-section elementor-top-section elementor-element elementor-element-2f068afe elementor-section-boxed elementor-section-height-default elementor-section-height-default wpr-particle-no wpr-jarallax-no wpr-parallax-no wpr-sticky-section-no wpr-equal-height-no\" data-id=\"2f068afe\" data-element_type=\"section\" data-e-type=\"section\" data-settings=\"{&quot;background_background&quot;:&quot;classic&quot;}\">\n\t\t\t\t\t\t<div class=\"elementor-container elementor-column-gap-default\">\n\t\t\t\t\t<div class=\"elementor-column elementor-col-100 elementor-top-column elementor-element elementor-element-2f96e938\" data-id=\"2f96e938\" data-element_type=\"column\" data-e-type=\"column\">\n\t\t\t<div class=\"elementor-widget-wrap elementor-element-populated\">\n\t\t\t\t\t\t<div class=\"elementor-element elementor-element-367e8b8a elementor-widget-divider--view-line_text elementor-widget-divider--element-align-left elementor-invisible elementor-widget elementor-widget-divider\" data-id=\"367e8b8a\" data-element_type=\"widget\" data-e-type=\"widget\" data-settings=\"{&quot;_animation&quot;:&quot;fadeInRight&quot;}\" data-widget_type=\"divider.default\">\n\t\t\t\t\t\t\t<div class=\"elementor-divider\">\n\t\t\t<span class=\"elementor-divider-separator\">\n\t\t\t\t\t\t\t<span class=\"elementor-divider__text elementor-divider__element\">\n\t\t\t\tEnerplot\t\t\t\t<\/span>\n\t\t\t\t\t\t<\/span>\n\t\t<\/div>\n\t\t\t\t\t\t<\/div>\n\t\t\t\t<section class=\"elementor-section elementor-inner-section elementor-element elementor-element-6b9c5932 elementor-section-boxed elementor-section-height-default elementor-section-height-default wpr-particle-no wpr-jarallax-no wpr-parallax-no wpr-sticky-section-no wpr-equal-height-no elementor-invisible\" data-id=\"6b9c5932\" data-element_type=\"section\" data-e-type=\"section\" data-settings=\"{&quot;animation&quot;:&quot;fadeInUp&quot;}\">\n\t\t\t\t\t\t<div class=\"elementor-container elementor-column-gap-default\">\n\t\t\t\t\t<div class=\"elementor-column elementor-col-50 elementor-inner-column elementor-element elementor-element-509d463 elementor-invisible\" data-id=\"509d463\" data-element_type=\"column\" data-e-type=\"column\" data-settings=\"{&quot;background_background&quot;:&quot;classic&quot;,&quot;animation&quot;:&quot;fadeInUp&quot;}\">\n\t\t\t<div class=\"elementor-widget-wrap elementor-element-populated\">\n\t\t\t\t\t\t<div class=\"elementor-element elementor-element-0ece07b elementor-invisible elementor-widget elementor-widget-heading\" data-id=\"0ece07b\" data-element_type=\"widget\" data-e-type=\"widget\" data-settings=\"{&quot;_animation&quot;:&quot;fadeInDown&quot;}\" data-widget_type=\"heading.default\">\n\t\t\t\t\t<h4 class=\"elementor-heading-title elementor-size-default\">\u00d6zelle\u015ftirme ile Esneklik<\/h4>\t\t\t\t<\/div>\n\t\t\t\t<div class=\"elementor-element elementor-element-0466f3b elementor-widget elementor-widget-text-editor\" data-id=\"0466f3b\" data-element_type=\"widget\" data-e-type=\"widget\" data-widget_type=\"text-editor.default\">\n\t\t\t\t\t\t\t\t\t<div class=\"\" data-v-3e94b2df=\"\"><p class=\"\" data-v-3e94b2df=\"\">\u00c7evrimd\u0131\u015f\u0131 \u00e7izim ve analiz, bir\u00e7ok m\u00fchendislik ve bilimsel \u00e7al\u0131\u015fman\u0131n kritik bile\u015fenleridir. B\u00fcy\u00fck miktarda veriyi h\u0131zl\u0131 ve verimli bir \u015fekilde g\u00f6r\u00fcnt\u00fclemek, analiz etmek ve d\u00fczenlemek i\u00e7in do\u011fru araca sahip olmak ise ayn\u0131 derecede \u00f6nemlidir.<\/p><\/div>\t\t\t\t\t\t\t\t<\/div>\n\t\t\t\t<div class=\"elementor-element elementor-element-8aeea81 elementor-invisible elementor-widget elementor-widget-heading\" data-id=\"8aeea81\" data-element_type=\"widget\" data-e-type=\"widget\" data-settings=\"{&quot;_animation&quot;:&quot;fadeInDown&quot;}\" data-widget_type=\"heading.default\">\n\t\t\t\t\t<h4 class=\"elementor-heading-title elementor-size-default\">Verileri H\u0131zl\u0131 ve Verimli Bir \u015eekilde \u0130\u015fleyin<\/h4>\t\t\t\t<\/div>\n\t\t\t\t<div class=\"elementor-element elementor-element-867c196 elementor-widget elementor-widget-text-editor\" data-id=\"867c196\" data-element_type=\"widget\" data-e-type=\"widget\" data-widget_type=\"text-editor.default\">\n\t\t\t\t\t\t\t\t\t<div class=\"\" data-v-9dc4d982=\"\"><p class=\"\" data-v-9dc4d982=\"\">Enerplot\u2122, son derece tekrarlayan g\u00f6revleri y\u0131ld\u0131r\u0131m h\u0131z\u0131nda ger\u00e7ekle\u015ftirmenizi sa\u011flayan tamamen otomatik bir uygulamad\u0131r. G\u00f6m\u00fcl\u00fc Python aray\u00fcz\u00fcn\u00fc kullanarak betikler yazabilir veya eylemlerinizi kaydederek \u00f6zel betik makrolar\u0131 olu\u015fturabilirsiniz.<\/p><\/div><div class=\"\" data-v-9dc4d982=\"\"><p class=\"\" data-v-9dc4d982=\"\">Uygulama d\u00fczeyindeki i\u015flevler, veri y\u00fckleme, grafik olu\u015fturma ve e\u011fri \u00fcretmeyi i\u00e7erir. Ayr\u0131ca, Enerplot\u2019un Python matematik k\u00fct\u00fcphanesi, \u00f6zel e\u011friler olu\u015fturman\u0131za olanak tan\u0131r.<\/p><\/div>\t\t\t\t\t\t\t\t<\/div>\n\t\t\t\t\t<\/div>\n\t\t<\/div>\n\t\t\t\t<div class=\"elementor-column elementor-col-50 elementor-inner-column elementor-element elementor-element-7449691f elementor-invisible\" data-id=\"7449691f\" data-element_type=\"column\" data-e-type=\"column\" data-settings=\"{&quot;background_background&quot;:&quot;classic&quot;,&quot;animation&quot;:&quot;fadeInUp&quot;,&quot;animation_delay&quot;:300}\">\n\t\t\t<div class=\"elementor-widget-wrap elementor-element-populated\">\n\t\t\t\t\t\t<div class=\"elementor-element elementor-element-77b508c elementor-invisible elementor-widget elementor-widget-heading\" data-id=\"77b508c\" data-element_type=\"widget\" data-e-type=\"widget\" data-settings=\"{&quot;_animation&quot;:&quot;fadeInDown&quot;}\" data-widget_type=\"heading.default\">\n\t\t\t\t\t<h4 class=\"elementor-heading-title elementor-size-default\">Enerplot Supports, bir\u00e7ok formatta veri i\u00e7e aktarmay\u0131 destekler:<\/h4>\t\t\t\t<\/div>\n\t\t\t\t<div class=\"elementor-element elementor-element-2f7cf2ab elementor-widget elementor-widget-text-editor\" data-id=\"2f7cf2ab\" data-element_type=\"widget\" data-e-type=\"widget\" data-widget_type=\"text-editor.default\">\n\t\t\t\t\t\t\t\t\t<ul><li>PSCAD\u2122\/EMTDC\u2122 output (*.inf, *.infx, *.out)<\/li><li>COMTRADE (*.cfg) \u2013 1991, 1999 both ASCII and binary<\/li><li><a href=\"https:\/\/new.siemens.com\/global\/en\/products\/energy\/services\/transmission-distribution-smart-grid\/consulting-and-planning\/pss-software\/pss-e.html\">PSS\/E<\/a> (*.out, *.asc)<\/li><li><a href=\"https:\/\/www.rtds.com\/technology\/graphical-user-interface\/\">RSCAD<\/a>\u00a0(*.out) (<a href=\"https:\/\/www.rtds.com\/\">RTDS<\/a>\u00a0Technologies)<\/li><li>Comma Separated Values (*.csv) \u2013 formatted and unformatted<\/li><li>Text Files (*.txt) \u2013 formatted and unformatted<\/li><\/ul>\t\t\t\t\t\t\t\t<\/div>\n\t\t\t\t<div class=\"elementor-element elementor-element-35825c5 elementor-widget elementor-widget-text-editor\" data-id=\"35825c5\" data-element_type=\"widget\" data-e-type=\"widget\" data-widget_type=\"text-editor.default\">\n\t\t\t\t\t\t\t\t\t<div class=\"\" data-v-3e94b2df=\"\"><div class=\"\" data-v-3e94b2df=\"\"><p class=\"\" data-v-3e94b2df=\"\">Yukar\u0131da desteklenen t\u00fcrlerden herhangi birinden al\u0131nan ve y\u00fcklenen veri setleri, COMTRADE veya Virg\u00fclle Ayr\u0131lm\u0131\u015f De\u011fi\u015fken (*.csv) format\u0131nda d\u00f6n\u00fc\u015ft\u00fcr\u00fcl\u00fcp kaydedilebilir<\/p><\/div><\/div>\t\t\t\t\t\t\t\t<\/div>\n\t\t\t\t<div class=\"elementor-element elementor-element-bb69bf6 elementor-invisible elementor-widget elementor-widget-image\" data-id=\"bb69bf6\" data-element_type=\"widget\" data-e-type=\"widget\" data-settings=\"{&quot;_animation&quot;:&quot;fadeInUp&quot;}\" data-widget_type=\"image.default\">\n\t\t\t\t\t\t\t\t\t\t\t\t\t\t\t<img fetchpriority=\"high\" decoding=\"async\" width=\"488\" height=\"159\" src=\"https:\/\/leanpowersolutions.com\/wp-content\/uploads\/2025\/11\/Rectangle-42-1.jpg\" class=\"attachment-full size-full wp-image-1809\" alt=\"\" srcset=\"https:\/\/leanpowersolutions.com\/wp-content\/uploads\/2025\/11\/Rectangle-42-1.jpg 488w, https:\/\/leanpowersolutions.com\/wp-content\/uploads\/2025\/11\/Rectangle-42-1-300x98.jpg 300w, https:\/\/leanpowersolutions.com\/wp-content\/uploads\/2025\/11\/Rectangle-42-1-18x6.jpg 18w\" sizes=\"(max-width: 488px) 100vw, 488px\" \/>\t\t\t\t\t\t\t\t\t\t\t\t\t\t\t<\/div>\n\t\t\t\t\t<\/div>\n\t\t<\/div>\n\t\t\t\t\t<\/div>\n\t\t<\/section>\n\t\t\t\t<section class=\"elementor-section elementor-inner-section elementor-element elementor-element-63ed8f3 elementor-section-boxed elementor-section-height-default elementor-section-height-default wpr-particle-no wpr-jarallax-no wpr-parallax-no wpr-sticky-section-no wpr-equal-height-no elementor-invisible\" data-id=\"63ed8f3\" data-element_type=\"section\" data-e-type=\"section\" data-settings=\"{&quot;animation&quot;:&quot;fadeInUp&quot;}\">\n\t\t\t\t\t\t<div class=\"elementor-container elementor-column-gap-default\">\n\t\t\t\t\t<div class=\"elementor-column elementor-col-50 elementor-inner-column elementor-element elementor-element-11bf700 elementor-invisible\" data-id=\"11bf700\" data-element_type=\"column\" data-e-type=\"column\" data-settings=\"{&quot;background_background&quot;:&quot;classic&quot;,&quot;animation&quot;:&quot;fadeInUp&quot;}\">\n\t\t\t<div class=\"elementor-widget-wrap elementor-element-populated\">\n\t\t\t\t\t\t<div class=\"elementor-element elementor-element-dc788f9 elementor-invisible elementor-widget elementor-widget-image\" data-id=\"dc788f9\" data-element_type=\"widget\" data-e-type=\"widget\" data-settings=\"{&quot;_animation&quot;:&quot;fadeInUp&quot;}\" data-widget_type=\"image.default\">\n\t\t\t\t\t\t\t\t\t\t\t\t\t\t\t<img decoding=\"async\" width=\"565\" height=\"404\" src=\"https:\/\/leanpowersolutions.com\/wp-content\/uploads\/2025\/08\/20a.jpg\" class=\"attachment-full size-full wp-image-701\" alt=\"\" srcset=\"https:\/\/leanpowersolutions.com\/wp-content\/uploads\/2025\/08\/20a.jpg 565w, https:\/\/leanpowersolutions.com\/wp-content\/uploads\/2025\/08\/20a-300x215.jpg 300w\" sizes=\"(max-width: 565px) 100vw, 565px\" \/>\t\t\t\t\t\t\t\t\t\t\t\t\t\t\t<\/div>\n\t\t\t\t\t<\/div>\n\t\t<\/div>\n\t\t\t\t<div class=\"elementor-column elementor-col-50 elementor-inner-column elementor-element elementor-element-f7b7e86 elementor-invisible\" data-id=\"f7b7e86\" data-element_type=\"column\" data-e-type=\"column\" data-settings=\"{&quot;background_background&quot;:&quot;classic&quot;,&quot;animation&quot;:&quot;fadeInUp&quot;,&quot;animation_delay&quot;:300}\">\n\t\t\t<div class=\"elementor-widget-wrap elementor-element-populated\">\n\t\t\t\t\t\t<div class=\"elementor-element elementor-element-587898e elementor-widget elementor-widget-elementskit-heading\" data-id=\"587898e\" data-element_type=\"widget\" data-e-type=\"widget\" data-widget_type=\"elementskit-heading.default\">\n\t\t\t\t\t<div class=\"ekit-wid-con\" ><div class=\"ekit-heading elementskit-section-title-wraper text_left   ekit_heading_tablet-   ekit_heading_mobile-\"><h2 class=\"ekit-heading--title elementskit-section-title\">\u00d6zellikler ve Avantajlar:<\/h2><\/div><\/div>\t\t\t\t<\/div>\n\t\t\t\t<div class=\"elementor-element elementor-element-ab90e40 elementor-tablet-align-start elementor-icon-list--layout-traditional elementor-list-item-link-full_width elementor-widget elementor-widget-icon-list\" data-id=\"ab90e40\" data-element_type=\"widget\" data-e-type=\"widget\" data-widget_type=\"icon-list.default\">\n\t\t\t\t\t\t\t<ul class=\"elementor-icon-list-items\">\n\t\t\t\t\t\t\t<li class=\"elementor-icon-list-item\">\n\t\t\t\t\t\t\t\t\t\t\t<span class=\"elementor-icon-list-icon\">\n\t\t\t\t\t\t\t<i aria-hidden=\"true\" class=\"fas fa-check-circle\"><\/i>\t\t\t\t\t\t<\/span>\n\t\t\t\t\t\t\t\t\t\t<span class=\"elementor-icon-list-text\">G\u00f6m\u00fcl\u00fc Python aray\u00fcz\u00fc ile otomatik betik olu\u015fturma<\/span>\n\t\t\t\t\t\t\t\t\t<\/li>\n\t\t\t\t\t\t\t\t<li class=\"elementor-icon-list-item\">\n\t\t\t\t\t\t\t\t\t\t\t<span class=\"elementor-icon-list-icon\">\n\t\t\t\t\t\t\t<i aria-hidden=\"true\" class=\"fas fa-check-circle\"><\/i>\t\t\t\t\t\t<\/span>\n\t\t\t\t\t\t\t\t\t\t<span class=\"elementor-icon-list-text\">Kullan\u0131c\u0131 eylemlerini kaydederek \u00f6zel betikler olu\u015fturabilme yetene\u011fi<\/span>\n\t\t\t\t\t\t\t\t\t<\/li>\n\t\t\t\t\t\t\t\t<li class=\"elementor-icon-list-item\">\n\t\t\t\t\t\t\t\t\t\t\t<span class=\"elementor-icon-list-icon\">\n\t\t\t\t\t\t\t<i aria-hidden=\"true\" class=\"fas fa-check-circle\"><\/i>\t\t\t\t\t\t<\/span>\n\t\t\t\t\t\t\t\t\t\t<span class=\"elementor-icon-list-text\">Yeni ve mevcut e\u011frileri olu\u015fturmak ve de\u011fi\u015ftirmek i\u00e7in g\u00fc\u00e7l\u00fc, g\u00f6m\u00fcl\u00fc matematik \u00e7\u00f6z\u00fcc\u00fc<\/span>\n\t\t\t\t\t\t\t\t\t<\/li>\n\t\t\t\t\t\t\t\t<li class=\"elementor-icon-list-item\">\n\t\t\t\t\t\t\t\t\t\t\t<span class=\"elementor-icon-list-icon\">\n\t\t\t\t\t\t\t<i aria-hidden=\"true\" class=\"fas fa-check-circle\"><\/i>\t\t\t\t\t\t<\/span>\n\t\t\t\t\t\t\t\t\t\t<span class=\"elementor-icon-list-text\">H\u0131zl\u0131 Fourier Transformu (FFT) analiz ara\u00e7lar\u0131<\/span>\n\t\t\t\t\t\t\t\t\t<\/li>\n\t\t\t\t\t\t\t\t<li class=\"elementor-icon-list-item\">\n\t\t\t\t\t\t\t\t\t\t\t<span class=\"elementor-icon-list-icon\">\n\t\t\t\t\t\t\t<i aria-hidden=\"true\" class=\"fas fa-check-circle\"><\/i>\t\t\t\t\t\t<\/span>\n\t\t\t\t\t\t\t\t\t\t<span class=\"elementor-icon-list-text\">Benzer \u00e7al\u0131\u015fmalar yap\u0131l\u0131rken projeleri \u015fablonlama yetene\u011fi ile zaman tasarrufu<\/span>\n\t\t\t\t\t\t\t\t\t<\/li>\n\t\t\t\t\t\t\t\t<li class=\"elementor-icon-list-item\">\n\t\t\t\t\t\t\t\t\t\t\t<span class=\"elementor-icon-list-icon\">\n\t\t\t\t\t\t\t<i aria-hidden=\"true\" class=\"fas fa-check-circle\"><\/i>\t\t\t\t\t\t<\/span>\n\t\t\t\t\t\t\t\t\t\t<span class=\"elementor-icon-list-text\">Referanslar ve y\u00fcklenen veri setleri aras\u0131nda ge\u00e7i\u015f yaparak e\u011friler aras\u0131nda h\u0131zl\u0131 ge\u00e7i\u015f<\/span>\n\t\t\t\t\t\t\t\t\t<\/li>\n\t\t\t\t\t\t\t\t<li class=\"elementor-icon-list-item\">\n\t\t\t\t\t\t\t\t\t\t\t<span class=\"elementor-icon-list-icon\">\n\t\t\t\t\t\t\t<i aria-hidden=\"true\" class=\"fas fa-check-circle\"><\/i>\t\t\t\t\t\t<\/span>\n\t\t\t\t\t\t\t\t\t\t<span class=\"elementor-icon-list-text\">E\u011frileri kolayca kayd\u0131rma, \u00f6l\u00e7eklendirme, yumu\u015fatma ve manuel olarak ayarlama<\/span>\n\t\t\t\t\t\t\t\t\t<\/li>\n\t\t\t\t\t\t\t\t<li class=\"elementor-icon-list-item\">\n\t\t\t\t\t\t\t\t\t\t\t<span class=\"elementor-icon-list-icon\">\n\t\t\t\t\t\t\t<i aria-hidden=\"true\" class=\"fas fa-check-circle\"><\/i>\t\t\t\t\t\t<\/span>\n\t\t\t\t\t\t\t\t\t\t<span class=\"elementor-icon-list-text\">Lazy-loading \u00f6zelli\u011fi ile b\u00fcy\u00fck veri dosyalar\u0131n\u0131 saniyeler i\u00e7inde y\u00fckleme<\/span>\n\t\t\t\t\t\t\t\t\t<\/li>\n\t\t\t\t\t\t\t\t<li class=\"elementor-icon-list-item\">\n\t\t\t\t\t\t\t\t\t\t\t<span class=\"elementor-icon-list-icon\">\n\t\t\t\t\t\t\t<i aria-hidden=\"true\" class=\"fas fa-check-circle\"><\/i>\t\t\t\t\t\t<\/span>\n\t\t\t\t\t\t\t\t\t\t<span class=\"elementor-icon-list-text\">Veri dosyas\u0131 de\u011fi\u015fiklik tespiti kullanarak grafikleri g\u00fcncelleme se\u00e7ene\u011fi<\/span>\n\t\t\t\t\t\t\t\t\t<\/li>\n\t\t\t\t\t\t<\/ul>\n\t\t\t\t\t\t<\/div>\n\t\t\t\t<div class=\"elementor-element elementor-element-d2303c4 elementor-widget elementor-widget-text-editor\" data-id=\"d2303c4\" data-element_type=\"widget\" data-e-type=\"widget\" data-widget_type=\"text-editor.default\">\n\t\t\t\t\t\t\t\t\t<div class=\"\" data-v-3e94b2df=\"\"><div class=\"\" data-v-3e94b2df=\"\"><p class=\"\" data-v-3e94b2df=\"\">PRSIM\u2019i belirli uygulamalarda kullan\u0131m\u0131, yetenekleri hakk\u0131nda daha fazla bilgi almak veya genel sat\u0131\u015f talepleriniz i\u00e7in bizimle ileti\u015fime ge\u00e7ebilirsiniz.<\/p><\/div><\/div>\t\t\t\t\t\t\t\t<\/div>\n\t\t\t\t\t<\/div>\n\t\t<\/div>\n\t\t\t\t\t<\/div>\n\t\t<\/section>\n\t\t\t\t\t<\/div>\n\t\t<\/div>\n\t\t\t\t\t<\/div>\n\t\t<\/section>\n\t\t\t\t<\/div>","protected":false},"excerpt":{"rendered":"<p>Enerplot Home Enerplot Flexibility Through Customization Offline plotting and analysis are critical aspects of many engineering and scientific studies. Having the right tool to quickly and efficiently view, analyze, and modify large quantities of data is equally important. Process Data Quickly and Efficiently Enerplot\u2122 is a fully automatable application that allows you to perform highly repetitive tasks at lightning speed. You can write scripts using the embedded Python interface or record your actions to create custom script macros. Application-level functions include loading data, creating graphs, and generating curves. Additionally, Enerplot\u2019s Python math library allows you to create custom curves. Enerplot Supports the Import of Data in Many Formats: PSCAD\u2122\/EMTDC\u2122 output (*.inf, *.infx, *.out) COMTRADE (*.cfg) \u2013 1991, 1999 both ASCII and binary PSS\/E (*.out, *.asc) RSCAD\u00a0(*.out) (RTDS\u00a0Technologies) Comma Separated Values (*.csv) \u2013 formatted and unformatted Text Files (*.txt) \u2013 formatted and unformatted Datasets sourced and loaded from any of the supported types above can be converted and saved as either COMTRADE or Comma Separated Variable (*.csv) format Features and Benefits : Automated scripting with embedded Python interface The ability to create custom scripts by recording user actions Powerful, embedded math parser for creating and modifying new and pre-existing curves Fast-Fourier Transform (FFT) analysis tools Saving time with the ability to template projects when performing similar studies Quickly switching between curves by toggling references and loaded datasets Easily shifting, scaling, smoothing, and manually adjusting curves Loading huge data files in seconds with the lazy-loading feature Option to update graphs using data file change detection Contact us if you would like more information about using PRSIM for specific applications, its capabilities, or if you have general sales inquiries.<\/p>","protected":false},"author":1,"featured_media":0,"parent":0,"menu_order":0,"comment_status":"closed","ping_status":"closed","template":"","meta":{"footnotes":"","_links_to":"","_links_to_target":""},"class_list":["post-660","page","type-page","status-publish","hentry"],"_links":{"self":[{"href":"https:\/\/leanpowersolutions.com\/tr\/wp-json\/wp\/v2\/pages\/660","targetHints":{"allow":["GET"]}}],"collection":[{"href":"https:\/\/leanpowersolutions.com\/tr\/wp-json\/wp\/v2\/pages"}],"about":[{"href":"https:\/\/leanpowersolutions.com\/tr\/wp-json\/wp\/v2\/types\/page"}],"author":[{"embeddable":true,"href":"https:\/\/leanpowersolutions.com\/tr\/wp-json\/wp\/v2\/users\/1"}],"replies":[{"embeddable":true,"href":"https:\/\/leanpowersolutions.com\/tr\/wp-json\/wp\/v2\/comments?post=660"}],"version-history":[{"count":55,"href":"https:\/\/leanpowersolutions.com\/tr\/wp-json\/wp\/v2\/pages\/660\/revisions"}],"predecessor-version":[{"id":1812,"href":"https:\/\/leanpowersolutions.com\/tr\/wp-json\/wp\/v2\/pages\/660\/revisions\/1812"}],"wp:attachment":[{"href":"https:\/\/leanpowersolutions.com\/tr\/wp-json\/wp\/v2\/media?parent=660"}],"curies":[{"name":"wp","href":"https:\/\/api.w.org\/{rel}","templated":true}]}}