{"id":616,"date":"2025-08-04T23:40:37","date_gmt":"2025-08-04T23:40:37","guid":{"rendered":"https:\/\/leanpowersolutions.com\/?page_id=616"},"modified":"2025-12-12T06:45:34","modified_gmt":"2025-12-12T06:45:34","slug":"prsim","status":"publish","type":"page","link":"https:\/\/leanpowersolutions.com\/tr\/prsim\/","title":{"rendered":"PRSIM\u2122"},"content":{"rendered":"<div data-elementor-type=\"wp-page\" data-elementor-id=\"616\" class=\"elementor elementor-616\" data-elementor-post-type=\"page\">\n\t\t\t\t\t\t<section class=\"elementor-section elementor-top-section elementor-element elementor-element-d1af6c1 elementor-section-boxed elementor-section-height-default elementor-section-height-default wpr-particle-no wpr-jarallax-no wpr-parallax-no wpr-sticky-section-no wpr-equal-height-no\" data-id=\"d1af6c1\" data-element_type=\"section\" data-e-type=\"section\" data-settings=\"{&quot;background_background&quot;:&quot;classic&quot;}\">\n\t\t\t\t\t\t\t<div class=\"elementor-background-overlay\"><\/div>\n\t\t\t\t\t\t\t<div class=\"elementor-container elementor-column-gap-default\">\n\t\t\t\t\t<div class=\"elementor-column elementor-col-100 elementor-top-column elementor-element elementor-element-7cd49fb\" data-id=\"7cd49fb\" data-element_type=\"column\" data-e-type=\"column\">\n\t\t\t<div class=\"elementor-widget-wrap elementor-element-populated\">\n\t\t\t\t\t\t<div class=\"elementor-element elementor-element-37a2ab3 elementor-widget elementor-widget-spacer\" data-id=\"37a2ab3\" data-element_type=\"widget\" data-e-type=\"widget\" data-widget_type=\"spacer.default\">\n\t\t\t\t\t\t\t<div class=\"elementor-spacer\">\n\t\t\t<div class=\"elementor-spacer-inner\"><\/div>\n\t\t<\/div>\n\t\t\t\t\t\t<\/div>\n\t\t\t\t<div class=\"elementor-element elementor-element-42eb4c1 elementor-invisible elementor-widget elementor-widget-heading\" data-id=\"42eb4c1\" data-element_type=\"widget\" data-e-type=\"widget\" data-settings=\"{&quot;_animation&quot;:&quot;fadeInDown&quot;}\" data-widget_type=\"heading.default\">\n\t\t\t\t\t<h2 class=\"elementor-heading-title elementor-size-default\">PRSIM\u2122<\/h2>\t\t\t\t<\/div>\n\t\t\t\t<div class=\"elementor-element elementor-element-a87ec3b elementor-icon-list--layout-inline elementor-align-center elementor-widget__width-auto elementor-list-item-link-full_width elementor-invisible elementor-widget elementor-widget-icon-list\" data-id=\"a87ec3b\" data-element_type=\"widget\" data-e-type=\"widget\" data-settings=\"{&quot;_animation&quot;:&quot;fadeInDown&quot;,&quot;_animation_delay&quot;:720}\" data-widget_type=\"icon-list.default\">\n\t\t\t\t\t\t\t<ul class=\"elementor-icon-list-items elementor-inline-items\">\n\t\t\t\t\t\t\t<li class=\"elementor-icon-list-item elementor-inline-item\">\n\t\t\t\t\t\t\t\t\t\t\t<a href=\"https:\/\/leanpowersolutions.com\/tr\/\">\n\n\t\t\t\t\t\t\t\t\t\t\t<span class=\"elementor-icon-list-text\">Ana Sayfa<\/span>\n\t\t\t\t\t\t\t\t\t\t\t<\/a>\n\t\t\t\t\t\t\t\t\t<\/li>\n\t\t\t\t\t\t\t\t<li class=\"elementor-icon-list-item elementor-inline-item\">\n\t\t\t\t\t\t\t\t\t\t\t<a href=\"#\">\n\n\t\t\t\t\t\t\t\t\t\t\t\t<span class=\"elementor-icon-list-icon\">\n\t\t\t\t\t\t\t<i aria-hidden=\"true\" class=\"mdi mdi-chevron-double-right\"><\/i>\t\t\t\t\t\t<\/span>\n\t\t\t\t\t\t\t\t\t\t<span class=\"elementor-icon-list-text\"><\/span>\n\t\t\t\t\t\t\t\t\t\t\t<\/a>\n\t\t\t\t\t\t\t\t\t<\/li>\n\t\t\t\t\t\t<\/ul>\n\t\t\t\t\t\t<\/div>\n\t\t\t\t\t<\/div>\n\t\t<\/div>\n\t\t\t\t\t<\/div>\n\t\t<\/section>\n\t\t\t\t<section class=\"elementor-section elementor-top-section elementor-element elementor-element-2f068afe elementor-section-boxed elementor-section-height-default elementor-section-height-default wpr-particle-no wpr-jarallax-no wpr-parallax-no wpr-sticky-section-no wpr-equal-height-no\" data-id=\"2f068afe\" data-element_type=\"section\" data-e-type=\"section\" data-settings=\"{&quot;background_background&quot;:&quot;classic&quot;}\">\n\t\t\t\t\t\t<div class=\"elementor-container elementor-column-gap-default\">\n\t\t\t\t\t<div class=\"elementor-column elementor-col-100 elementor-top-column elementor-element elementor-element-2f96e938\" data-id=\"2f96e938\" data-element_type=\"column\" data-e-type=\"column\">\n\t\t\t<div class=\"elementor-widget-wrap elementor-element-populated\">\n\t\t\t\t\t\t<div class=\"elementor-element elementor-element-367e8b8a elementor-widget-divider--view-line_text elementor-widget-divider--element-align-left elementor-invisible elementor-widget elementor-widget-divider\" data-id=\"367e8b8a\" data-element_type=\"widget\" data-e-type=\"widget\" data-settings=\"{&quot;_animation&quot;:&quot;fadeInRight&quot;}\" data-widget_type=\"divider.default\">\n\t\t\t\t\t\t\t<div class=\"elementor-divider\">\n\t\t\t<span class=\"elementor-divider-separator\">\n\t\t\t\t\t\t\t<span class=\"elementor-divider__text elementor-divider__element\">\n\t\t\t\tPRSIM\u2122\t\t\t\t<\/span>\n\t\t\t\t\t\t<\/span>\n\t\t<\/div>\n\t\t\t\t\t\t<\/div>\n\t\t\t\t<section class=\"elementor-section elementor-inner-section elementor-element elementor-element-3b411849 elementor-section-boxed elementor-section-height-default elementor-section-height-default wpr-particle-no wpr-jarallax-no wpr-parallax-no wpr-sticky-section-no wpr-equal-height-no elementor-invisible\" data-id=\"3b411849\" data-element_type=\"section\" data-e-type=\"section\" data-settings=\"{&quot;animation&quot;:&quot;fadeInUp&quot;}\">\n\t\t\t\t\t\t<div class=\"elementor-container elementor-column-gap-default\">\n\t\t\t\t\t<div class=\"elementor-column elementor-col-100 elementor-inner-column elementor-element elementor-element-251b09a6\" data-id=\"251b09a6\" data-element_type=\"column\" data-e-type=\"column\">\n\t\t\t<div class=\"elementor-widget-wrap elementor-element-populated\">\n\t\t\t\t\t\t<div class=\"elementor-element elementor-element-a87b979 elementor-widget elementor-widget-text-editor\" data-id=\"a87b979\" data-element_type=\"widget\" data-e-type=\"widget\" data-widget_type=\"text-editor.default\">\n\t\t\t\t\t\t\t\t\t<div class=\"\" data-v-3e94b2df=\"\"><p class=\"\" data-v-3e94b2df=\"\">PSCAD\u2122 kullan\u0131larak b\u00fcy\u00fck \u00f6l\u00e7ekli g\u00fc\u00e7 sistemlerini sim\u00fcle etme yetene\u011fi, \u00fc\u00e7\u00fcnc\u00fc taraf \u015febekelerini PSCAD\u2019e entegre etme talebi yaratm\u0131\u015ft\u0131r. PRSIM\u2122 (Power System Importer) yaz\u0131l\u0131m\u0131n\u0131, standart \u015febeke verilerini PSCAD\u2019e minimum zaman ve \u00e7aba ile d\u00f6n\u00fc\u015ft\u00fcrmek i\u00e7in basit ve kullan\u0131m\u0131 kolay bir ara\u00e7 olarak geli\u015ftirdik.<\/p><\/div>\t\t\t\t\t\t\t\t<\/div>\n\t\t\t\t<div class=\"elementor-element elementor-element-1825d5cb animated-slow elementor-invisible elementor-widget elementor-widget-image\" data-id=\"1825d5cb\" data-element_type=\"widget\" data-e-type=\"widget\" data-settings=\"{&quot;_animation&quot;:&quot;fadeInDown&quot;}\" data-widget_type=\"image.default\">\n\t\t\t\t\t\t\t\t\t\t\t\t\t\t\t<img fetchpriority=\"high\" decoding=\"async\" width=\"879\" height=\"509\" src=\"https:\/\/leanpowersolutions.com\/wp-content\/uploads\/2025\/08\/18a.jpg\" class=\"attachment-full size-full wp-image-628\" alt=\"\" srcset=\"https:\/\/leanpowersolutions.com\/wp-content\/uploads\/2025\/08\/18a.jpg 879w, https:\/\/leanpowersolutions.com\/wp-content\/uploads\/2025\/08\/18a-300x174.jpg 300w, https:\/\/leanpowersolutions.com\/wp-content\/uploads\/2025\/08\/18a-768x445.jpg 768w\" sizes=\"(max-width: 879px) 100vw, 879px\" \/>\t\t\t\t\t\t\t\t\t\t\t\t\t\t\t<\/div>\n\t\t\t\t\t<\/div>\n\t\t<\/div>\n\t\t\t\t\t<\/div>\n\t\t<\/section>\n\t\t\t\t<section class=\"elementor-section elementor-inner-section elementor-element elementor-element-6b9c5932 elementor-section-boxed elementor-section-height-default elementor-section-height-default wpr-particle-no wpr-jarallax-no wpr-parallax-no wpr-sticky-section-no wpr-equal-height-no elementor-invisible\" data-id=\"6b9c5932\" data-element_type=\"section\" data-e-type=\"section\" data-settings=\"{&quot;animation&quot;:&quot;fadeInUp&quot;}\">\n\t\t\t\t\t\t<div class=\"elementor-container elementor-column-gap-default\">\n\t\t\t\t\t<div class=\"elementor-column elementor-col-50 elementor-inner-column elementor-element elementor-element-509d463 elementor-invisible\" data-id=\"509d463\" data-element_type=\"column\" data-e-type=\"column\" data-settings=\"{&quot;background_background&quot;:&quot;classic&quot;,&quot;animation&quot;:&quot;fadeInUp&quot;}\">\n\t\t\t<div class=\"elementor-widget-wrap elementor-element-populated\">\n\t\t\t\t\t\t<div class=\"elementor-element elementor-element-2ffd78e elementor-invisible elementor-widget elementor-widget-heading\" data-id=\"2ffd78e\" data-element_type=\"widget\" data-e-type=\"widget\" data-settings=\"{&quot;_animation&quot;:&quot;fadeInDown&quot;}\" data-widget_type=\"heading.default\">\n\t\t\t\t\t<h4 class=\"elementor-heading-title elementor-size-default\">\u00d6zelle\u015ftirme ile Esneklik<\/h4>\t\t\t\t<\/div>\n\t\t\t\t<div class=\"elementor-element elementor-element-cb1e50b elementor-widget elementor-widget-text-editor\" data-id=\"cb1e50b\" data-element_type=\"widget\" data-e-type=\"widget\" data-widget_type=\"text-editor.default\">\n\t\t\t\t\t\t\t\t\t<div class=\"\" data-v-3e94b2df=\"\"><p class=\"\" data-v-3e94b2df=\"\">PSCAD\u2019in a\u00e7\u0131k mimari felsefesine b\u00fcy\u00fck \u00f6l\u00e7\u00fcde dayanan PRSIM aray\u00fcz\u00fc, ileri d\u00fczey kullan\u0131c\u0131lar\u0131n ihtiya\u00e7lar\u0131na uygun kendi \u00f6zel model k\u00fct\u00fcphanelerini tasarlama esnekli\u011fi sa\u011flar. Kapsaml\u0131 bir betik (scripting) model k\u00fct\u00fcphanesi, PSCAD\u2019in V4.6 ve V5 ana k\u00fct\u00fcphaneleriyle birlikte dahildir.<\/p><\/div>\t\t\t\t\t\t\t\t<\/div>\n\t\t\t\t<div class=\"elementor-element elementor-element-8aeea81 elementor-invisible elementor-widget elementor-widget-heading\" data-id=\"8aeea81\" data-element_type=\"widget\" data-e-type=\"widget\" data-settings=\"{&quot;_animation&quot;:&quot;fadeInDown&quot;}\" data-widget_type=\"heading.default\">\n\t\t\t\t\t<h4 class=\"elementor-heading-title elementor-size-default\">A\u011f Verilerini PSCAD\u2019e \u00dc\u00e7 Ad\u0131mda D\u00f6n\u00fc\u015ft\u00fcr\u00fcn:<\/h4>\t\t\t\t<\/div>\n\t\t\t\t<div class=\"elementor-element elementor-element-2f7cf2ab elementor-widget elementor-widget-text-editor\" data-id=\"2f7cf2ab\" data-element_type=\"widget\" data-e-type=\"widget\" data-widget_type=\"text-editor.default\">\n\t\t\t\t\t\t\t\t\t<ul><li><p class=\"\" data-v-3e94b2df=\"\">Ad\u0131m 1: G\u00fc\u00e7 sistemi verilerini standart \u015febeke formatlar\u0131ndan i\u00e7e aktar\u0131n<\/p><\/li><li>Ad\u0131m 2: A\u011f\u0131n\u0131z\u0131n bir k\u0131sm\u0131n\u0131 veya tamam\u0131n\u0131 bir veya birden fazla tek hat diyagram\u0131na (SLD) geni\u015fletin<\/li><li>Ad\u0131m 3: PRSIM projenizi PSCAD\u2019e (V5 veya V4.6) d\u00f6n\u00fc\u015ft\u00fcr\u00fcn<\/li><\/ul>\t\t\t\t\t\t\t\t<\/div>\n\t\t\t\t<div class=\"elementor-element elementor-element-bb69bf6 elementor-invisible elementor-widget elementor-widget-image\" data-id=\"bb69bf6\" data-element_type=\"widget\" data-e-type=\"widget\" data-settings=\"{&quot;_animation&quot;:&quot;fadeInUp&quot;}\" data-widget_type=\"image.default\">\n\t\t\t\t\t\t\t\t\t\t\t\t\t\t\t<img decoding=\"async\" width=\"333\" height=\"151\" src=\"https:\/\/leanpowersolutions.com\/wp-content\/uploads\/2025\/12\/images.jpg\" class=\"attachment-full size-full wp-image-2025\" alt=\"\" srcset=\"https:\/\/leanpowersolutions.com\/wp-content\/uploads\/2025\/12\/images.jpg 333w, https:\/\/leanpowersolutions.com\/wp-content\/uploads\/2025\/12\/images-300x136.jpg 300w, https:\/\/leanpowersolutions.com\/wp-content\/uploads\/2025\/12\/images-18x8.jpg 18w\" sizes=\"(max-width: 333px) 100vw, 333px\" \/>\t\t\t\t\t\t\t\t\t\t\t\t\t\t\t<\/div>\n\t\t\t\t\t<\/div>\n\t\t<\/div>\n\t\t\t\t<div class=\"elementor-column elementor-col-50 elementor-inner-column elementor-element elementor-element-7449691f elementor-invisible\" data-id=\"7449691f\" data-element_type=\"column\" data-e-type=\"column\" data-settings=\"{&quot;background_background&quot;:&quot;classic&quot;,&quot;animation&quot;:&quot;fadeInUp&quot;,&quot;animation_delay&quot;:300}\">\n\t\t\t<div class=\"elementor-widget-wrap elementor-element-populated\">\n\t\t\t\t\t\t<div class=\"elementor-element elementor-element-73d8ab87 elementor-widget elementor-widget-elementskit-heading\" data-id=\"73d8ab87\" data-element_type=\"widget\" data-e-type=\"widget\" data-widget_type=\"elementskit-heading.default\">\n\t\t\t\t\t<div class=\"ekit-wid-con\" ><div class=\"ekit-heading elementskit-section-title-wraper text_left   ekit_heading_tablet-   ekit_heading_mobile-\"><h2 class=\"ekit-heading--title elementskit-section-title\">\u00d6zellikler ve Avantajlar:<\/h2><\/div><\/div>\t\t\t\t<\/div>\n\t\t\t\t<div class=\"elementor-element elementor-element-dcb7df6 elementor-tablet-align-start elementor-icon-list--layout-traditional elementor-list-item-link-full_width elementor-widget elementor-widget-icon-list\" data-id=\"dcb7df6\" data-element_type=\"widget\" data-e-type=\"widget\" data-widget_type=\"icon-list.default\">\n\t\t\t\t\t\t\t<ul class=\"elementor-icon-list-items\">\n\t\t\t\t\t\t\t<li class=\"elementor-icon-list-item\">\n\t\t\t\t\t\t\t\t\t\t\t<span class=\"elementor-icon-list-icon\">\n\t\t\t\t\t\t\t<i aria-hidden=\"true\" class=\"fas fa-check-circle\"><\/i>\t\t\t\t\t\t<\/span>\n\t\t\t\t\t\t\t\t\t\t<span class=\"elementor-icon-list-text\">PSS\/E ve PowerFactory veri dosyalar\u0131n\u0131 PSCAD V5.0 ve V4.6\u2019ya d\u00f6n\u00fc\u015ft\u00fcr\u00fcn<\/span>\n\t\t\t\t\t\t\t\t\t<\/li>\n\t\t\t\t\t\t\t\t<li class=\"elementor-icon-list-item\">\n\t\t\t\t\t\t\t\t\t\t\t<span class=\"elementor-icon-list-icon\">\n\t\t\t\t\t\t\t<i aria-hidden=\"true\" class=\"fas fa-check-circle\"><\/i>\t\t\t\t\t\t<\/span>\n\t\t\t\t\t\t\t\t\t\t<span class=\"elementor-icon-list-text\">Detayl\u0131 dinamik verileri i\u00e7e aktar\u0131n<\/span>\n\t\t\t\t\t\t\t\t\t<\/li>\n\t\t\t\t\t\t\t\t<li class=\"elementor-icon-list-item\">\n\t\t\t\t\t\t\t\t\t\t\t<span class=\"elementor-icon-list-icon\">\n\t\t\t\t\t\t\t<i aria-hidden=\"true\" class=\"fas fa-check-circle\"><\/i>\t\t\t\t\t\t<\/span>\n\t\t\t\t\t\t\t\t\t\t<span class=\"elementor-icon-list-text\">Dizi verilerini i\u00e7e aktar\u0131n<\/span>\n\t\t\t\t\t\t\t\t\t<\/li>\n\t\t\t\t\t\t\t\t<li class=\"elementor-icon-list-item\">\n\t\t\t\t\t\t\t\t\t\t\t<span class=\"elementor-icon-list-icon\">\n\t\t\t\t\t\t\t<i aria-hidden=\"true\" class=\"fas fa-check-circle\"><\/i>\t\t\t\t\t\t<\/span>\n\t\t\t\t\t\t\t\t\t\t<span class=\"elementor-icon-list-text\">Otomatik \u015fematik geni\u015fletme i\u00e7in konum verilerini i\u00e7e aktar\u0131n<\/span>\n\t\t\t\t\t\t\t\t\t<\/li>\n\t\t\t\t\t\t\t\t<li class=\"elementor-icon-list-item\">\n\t\t\t\t\t\t\t\t\t\t\t<span class=\"elementor-icon-list-icon\">\n\t\t\t\t\t\t\t<i aria-hidden=\"true\" class=\"fas fa-check-circle\"><\/i>\t\t\t\t\t\t<\/span>\n\t\t\t\t\t\t\t\t\t\t<span class=\"elementor-icon-list-text\">A\u011f\u0131n geni\u015fletilmemi\u015f b\u00f6l\u00fcmleri i\u00e7in a\u011f e\u015fde\u011ferlerini olu\u015fturun<\/span>\n\t\t\t\t\t\t\t\t\t<\/li>\n\t\t\t\t\t\t\t\t<li class=\"elementor-icon-list-item\">\n\t\t\t\t\t\t\t\t\t\t\t<span class=\"elementor-icon-list-icon\">\n\t\t\t\t\t\t\t<i aria-hidden=\"true\" class=\"fas fa-check-circle\"><\/i>\t\t\t\t\t\t<\/span>\n\t\t\t\t\t\t\t\t\t\t<span class=\"elementor-icon-list-text\">Bir grup bar ve hat se\u00e7imi ile bir mod\u00fcl olu\u015fturun<\/span>\n\t\t\t\t\t\t\t\t\t<\/li>\n\t\t\t\t\t\t\t\t<li class=\"elementor-icon-list-item\">\n\t\t\t\t\t\t\t\t\t\t\t<span class=\"elementor-icon-list-icon\">\n\t\t\t\t\t\t\t<i aria-hidden=\"true\" class=\"fas fa-check-circle\"><\/i>\t\t\t\t\t\t<\/span>\n\t\t\t\t\t\t\t\t\t\t<span class=\"elementor-icon-list-text\">Veri d\u00f6n\u00fc\u015ft\u00fcrme betikleri PRSIM.pslx k\u00fct\u00fcphanelerinde (V5.0 ve V4.6) saklan\u0131r<\/span>\n\t\t\t\t\t\t\t\t\t<\/li>\n\t\t\t\t\t\t\t\t<li class=\"elementor-icon-list-item\">\n\t\t\t\t\t\t\t\t\t\t\t<span class=\"elementor-icon-list-icon\">\n\t\t\t\t\t\t\t<i aria-hidden=\"true\" class=\"fas fa-check-circle\"><\/i>\t\t\t\t\t\t<\/span>\n\t\t\t\t\t\t\t\t\t\t<span class=\"elementor-icon-list-text\">\u00d6zel k\u00fct\u00fcphane modelleri i\u00e7in yeni betikler olu\u015fturun<\/span>\n\t\t\t\t\t\t\t\t\t<\/li>\n\t\t\t\t\t\t\t\t<li class=\"elementor-icon-list-item\">\n\t\t\t\t\t\t\t\t\t\t\t<span class=\"elementor-icon-list-icon\">\n\t\t\t\t\t\t\t<i aria-hidden=\"true\" class=\"fas fa-check-circle\"><\/i>\t\t\t\t\t\t<\/span>\n\t\t\t\t\t\t\t\t\t\t<span class=\"elementor-icon-list-text\">Daha \u00f6nce olu\u015fturulmu\u015f PSCAD projelerini yeniden ba\u015flat\u0131n<\/span>\n\t\t\t\t\t\t\t\t\t<\/li>\n\t\t\t\t\t\t<\/ul>\n\t\t\t\t\t\t<\/div>\n\t\t\t\t<div class=\"elementor-element elementor-element-35825c5 elementor-widget elementor-widget-text-editor\" data-id=\"35825c5\" data-element_type=\"widget\" data-e-type=\"widget\" data-widget_type=\"text-editor.default\">\n\t\t\t\t\t\t\t\t\t<div class=\"\" data-v-3e94b2df=\"\"><div class=\"\" data-v-3e94b2df=\"\"><p class=\"\" data-v-3e94b2df=\"\">PRSIM\u2019i belirli uygulamalarda kullan\u0131m\u0131, yetenekleri hakk\u0131nda daha fazla bilgi almak veya genel sat\u0131\u015f talepleriniz i\u00e7in bizimle ileti\u015fime ge\u00e7ebilirsiniz.<\/p><\/div><\/div>\t\t\t\t\t\t\t\t<\/div>\n\t\t\t\t\t<\/div>\n\t\t<\/div>\n\t\t\t\t\t<\/div>\n\t\t<\/section>\n\t\t\t\t\t<\/div>\n\t\t<\/div>\n\t\t\t\t\t<\/div>\n\t\t<\/section>\n\t\t\t\t<\/div>","protected":false},"excerpt":{"rendered":"<p>PRSIM\u2122 Home PRSIM\u2122 The ability to simulate large scale power systems using PSCAD\u2122 has created a demand to bring third party networks into PSCAD. We developed PRSIM\u2122 (Power System Importer) as a simple, easy-to-use tool for converting standard network data to PSCAD with minimal time and effort. Flexibility Through Customization Relying heavily on PSCAD\u2019s philosophy of open architecture, the PRSIM interface gives advanced users the flexibility to design their own custom libraries of models that fit their needs. A comprehensive library of scripting models is included with PSCAD\u2019s master libraries for V4.6 and V5. Convert Network Data to PSCAD in Three Steps : Step 1 : Import power system data from standard network formats Step 2 : Expand part or all of your network into one or more single-line diagrams (SLD) Step 3 : Convert your PRSIM project to PSCAD (V5 or V4.6) Features and Benefits : Convert PSS\/E and PowerFactory data files to PSCAD V5.0 and V4.6 Import detailed dynamic data Import sequence data Import location data for automatic schematic expansion Form network equivalents for unexpanded segments of the network Create a module from a selection of buses and branches Data conversion scripts are stored in the PRSIM.pslx libraries (V5.0 and V4.6) Create new scripts for custom library models Re-initialize previously generated PSCAD projects Contact us if you would like more information about using PRSIM for specific applications, its capabilities, or if you have general sales inquiries.<\/p>","protected":false},"author":1,"featured_media":0,"parent":0,"menu_order":0,"comment_status":"closed","ping_status":"closed","template":"","meta":{"footnotes":"","_links_to":"","_links_to_target":""},"class_list":["post-616","page","type-page","status-publish","hentry"],"_links":{"self":[{"href":"https:\/\/leanpowersolutions.com\/tr\/wp-json\/wp\/v2\/pages\/616","targetHints":{"allow":["GET"]}}],"collection":[{"href":"https:\/\/leanpowersolutions.com\/tr\/wp-json\/wp\/v2\/pages"}],"about":[{"href":"https:\/\/leanpowersolutions.com\/tr\/wp-json\/wp\/v2\/types\/page"}],"author":[{"embeddable":true,"href":"https:\/\/leanpowersolutions.com\/tr\/wp-json\/wp\/v2\/users\/1"}],"replies":[{"embeddable":true,"href":"https:\/\/leanpowersolutions.com\/tr\/wp-json\/wp\/v2\/comments?post=616"}],"version-history":[{"count":49,"href":"https:\/\/leanpowersolutions.com\/tr\/wp-json\/wp\/v2\/pages\/616\/revisions"}],"predecessor-version":[{"id":2028,"href":"https:\/\/leanpowersolutions.com\/tr\/wp-json\/wp\/v2\/pages\/616\/revisions\/2028"}],"wp:attachment":[{"href":"https:\/\/leanpowersolutions.com\/tr\/wp-json\/wp\/v2\/media?parent=616"}],"curies":[{"name":"wp","href":"https:\/\/api.w.org\/{rel}","templated":true}]}}